{"id":9,"date":"2010-06-18T20:51:35","date_gmt":"2010-06-18T20:51:35","guid":{"rendered":"http:\/\/www.lahteenvartijat.com\/?page_id=2"},"modified":"2025-09-30T13:37:12","modified_gmt":"2025-09-30T13:37:12","slug":"about","status":"publish","type":"page","link":"https:\/\/lahteenvartijat.com\/","title":{"rendered":"Etusivu"},"content":{"rendered":"\n<p><strong>Vuosi vaihtuu ja uusi toimintakausi k\u00e4ynnistyy viikolla 3<\/strong>.<\/p>\n\n\n\n<p>Ryhmien kokoontumisajat l\u00f6yd\u00e4t<a href=\"http:\/\/www.lahteenvartijat.com\/?page_id=39\"> t\u00e4\u00e4lt\u00e4<\/a>.<\/p>\n\n\n\n<p><strong>Aikuispartio kutsuu!<\/strong><\/p>\n\n\n\n<p>L\u00e4hteen Vartijoissa alkaa tammikuussa uusi partioryhm\u00e4 aikuisille.<\/p>\n\n\n\n<p>Ryhm\u00e4\u00e4n ovat tervetulleita kaikki partion harrastamisesta kiinnostuneet t\u00e4ysi-ik\u00e4iset. Aiempaa partiokokemusta ei tarvitse olla eik\u00e4 haittaa, jos partioharrastuksesta on ollut pitk\u00e4 tauko. Innostus ja kiinnostus partioon riitt\u00e4\u00e4! Aikuispartioryhm\u00e4 kokoontuu noin kerran kuukaudessa. Toimintamme on partio-ohjelman mukaista tekemist\u00e4, jonka sis\u00e4lt\u00f6\u00f6n ja toteutukseen voi vaikuttaa osana ryhm\u00e4\u00e4.<\/p>\n\n\n\n<p>Tule mukaan partioon oppimaan uutta!<\/p>\n\n\n\n<p>Ensimm\u00e4inen kokoontuminen:<\/p>\n\n\n\n<p>19.1.2025 klo 15.00 Launeen Kirkolla<\/p>\n\n\n\n<p>Lis\u00e4tietoja aikuispartiosta antaa:&nbsp;<\/p>\n\n\n\n<p>Kaisu Erola 0447594994<\/p>\n\n\n\n<p><strong>Verkkokauppa auki!<\/strong><br>Upouusi L\u00e4hteen Vartijat -tuotteiden verkkokauppa on avattu osoitteessa:<br><a href=\"https:\/\/hbpromotion.fi\/fi\/category\/lahteen-vartijat\/315\">https:\/\/hbpromotion.fi\/fi\/category\/lahteen-vartijat\/315<\/a><br>Tuotteita voi halutessaan k\u00e4yd\u00e4 sovittamassa kivijalkamyym\u00e4l\u00e4ss\u00e4 (Vesij\u00e4rvenkatu 7).<\/p>\n\n\n\n<p><strong>J\u00e4seneksi:<\/strong><\/p>\n\n\n\n<p>Ryhmiin ilmoittaudutaan ryhm\u00e4njohtajille, ja j\u00e4sentiedot t\u00e4ytet\u00e4\u00e4n j\u00e4senrekisteri<a href=\"https:\/\/kuksa.partio.fi\/kotisivut\/jasenhakemus.aspx?id=9999148\"> Kuksaan<\/a>.<\/p>\n\n\n\n<p>Muuttuneista j\u00e4sentiedoista p\u00e4ivitykset suoraan omalla tai huoltajan PartioID:ll\u00e4 Kuksa-j\u00e4senrekisteriin:<\/p>\n\n\n\n<p><a href=\"https:\/\/kuksa.partio.fi\">https:\/\/kuksa.partio.fi<\/a><\/p>\n","protected":false},"excerpt":{"rendered":"<p>Vuosi vaihtuu ja uusi toimintakausi k\u00e4ynnistyy viikolla 3. Ryhmien kokoontumisajat l\u00f6yd\u00e4t t\u00e4\u00e4lt\u00e4. Aikuispartio kutsuu! L\u00e4hteen Vartijoissa alkaa tammikuussa uusi partioryhm\u00e4 aikuisille. Ryhm\u00e4\u00e4n ovat tervetulleita kaikki partion harrastamisesta kiinnostuneet t\u00e4ysi-ik\u00e4iset. Aiempaa partiokokemusta ei tarvitse olla eik\u00e4 haittaa, jos partioharrastuksesta on ollut pitk\u00e4 tauko. Innostus ja kiinnostus partioon riitt\u00e4\u00e4! Aikuispartioryhm\u00e4 kokoontuu noin kerran kuukaudessa. Toimintamme on partio-ohjelman&hellip; <\/p>\n<p class=\"toivo-read-more\"><a href=\"https:\/\/lahteenvartijat.com\/\" class=\"more-link\">Lue lis\u00e4\u00e4 <span class=\"screen-reader-text\">Etusivu<\/span><\/a><\/p>\n","protected":false},"author":1,"featured_media":0,"parent":0,"menu_order":0,"comment_status":"closed","ping_status":"open","template":"","meta":{"footnotes":""},"class_list":{"0":"post-9","1":"page","2":"type-page","3":"status-publish","5":"entry"},"yoast_head":"<!-- This site is optimized with the Yoast SEO plugin v24.1 - https:\/\/yoast.com\/wordpress\/plugins\/seo\/ -->\n<title>Etusivu - L\u00e4hteen Vartijat ry<\/title>\n<meta name=\"robots\" content=\"index, follow, max-snippet:-1, max-image-preview:large, max-video-preview:-1\" \/>\n<link rel=\"canonical\" href=\"https:\/\/lahteenvartijat.com\/\" \/>\n<meta property=\"og:locale\" content=\"fi_FI\" \/>\n<meta property=\"og:type\" content=\"article\" \/>\n<meta property=\"og:title\" content=\"Etusivu - L\u00e4hteen Vartijat ry\" \/>\n<meta property=\"og:description\" content=\"Vuosi vaihtuu ja uusi toimintakausi k\u00e4ynnistyy viikolla 3. Ryhmien kokoontumisajat l\u00f6yd\u00e4t t\u00e4\u00e4lt\u00e4. Aikuispartio kutsuu! L\u00e4hteen Vartijoissa alkaa tammikuussa uusi partioryhm\u00e4 aikuisille. Ryhm\u00e4\u00e4n ovat tervetulleita kaikki partion harrastamisesta kiinnostuneet t\u00e4ysi-ik\u00e4iset. Aiempaa partiokokemusta ei tarvitse olla eik\u00e4 haittaa, jos partioharrastuksesta on ollut pitk\u00e4 tauko. Innostus ja kiinnostus partioon riitt\u00e4\u00e4! Aikuispartioryhm\u00e4 kokoontuu noin kerran kuukaudessa. Toimintamme on partio-ohjelman&hellip; Lue lis\u00e4\u00e4 Etusivu\" \/>\n<meta property=\"og:url\" content=\"https:\/\/lahteenvartijat.com\/\" \/>\n<meta property=\"og:site_name\" content=\"L\u00e4hteen Vartijat ry\" \/>\n<meta property=\"article:modified_time\" content=\"2025-09-30T13:37:12+00:00\" \/>\n<meta name=\"twitter:card\" content=\"summary_large_image\" \/>\n<meta name=\"twitter:label1\" content=\"Arvioitu lukuaika\" \/>\n\t<meta name=\"twitter:data1\" content=\"1 minuutti\" \/>\n<script type=\"application\/ld+json\" class=\"yoast-schema-graph\">{\"@context\":\"https:\/\/schema.org\",\"@graph\":[{\"@type\":\"WebPage\",\"@id\":\"https:\/\/lahteenvartijat.com\/\",\"url\":\"https:\/\/lahteenvartijat.com\/\",\"name\":\"Etusivu - L\u00e4hteen Vartijat ry\",\"isPartOf\":{\"@id\":\"https:\/\/lahteenvartijat.com\/#website\"},\"datePublished\":\"2010-06-18T20:51:35+00:00\",\"dateModified\":\"2025-09-30T13:37:12+00:00\",\"breadcrumb\":{\"@id\":\"https:\/\/lahteenvartijat.com\/#breadcrumb\"},\"inLanguage\":\"fi\",\"potentialAction\":[{\"@type\":\"ReadAction\",\"target\":[\"https:\/\/lahteenvartijat.com\/\"]}]},{\"@type\":\"BreadcrumbList\",\"@id\":\"https:\/\/lahteenvartijat.com\/#breadcrumb\",\"itemListElement\":[{\"@type\":\"ListItem\",\"position\":1,\"name\":\"Etusivu\",\"item\":\"https:\/\/lahteenvartijat.com\/\"},{\"@type\":\"ListItem\",\"position\":2,\"name\":\"Etusivu\"}]},{\"@type\":\"WebSite\",\"@id\":\"https:\/\/lahteenvartijat.com\/#website\",\"url\":\"https:\/\/lahteenvartijat.com\/\",\"name\":\"L\u00e4hteen Vartijat ry\",\"description\":\"#1954 #lahteenvartijat.com #lahteenvartijat #lvry #partioscout\",\"publisher\":{\"@id\":\"https:\/\/lahteenvartijat.com\/#organization\"},\"potentialAction\":[{\"@type\":\"SearchAction\",\"target\":{\"@type\":\"EntryPoint\",\"urlTemplate\":\"https:\/\/lahteenvartijat.com\/?s={search_term_string}\"},\"query-input\":{\"@type\":\"PropertyValueSpecification\",\"valueRequired\":true,\"valueName\":\"search_term_string\"}}],\"inLanguage\":\"fi\"},{\"@type\":\"Organization\",\"@id\":\"https:\/\/lahteenvartijat.com\/#organization\",\"name\":\"L\u00e4hteen Vartijat ry\",\"url\":\"https:\/\/lahteenvartijat.com\/\",\"logo\":{\"@type\":\"ImageObject\",\"inLanguage\":\"fi\",\"@id\":\"https:\/\/lahteenvartijat.com\/#\/schema\/logo\/image\/\",\"url\":\"https:\/\/lahteenvartijat.com\/wp-content\/uploads\/2024\/12\/huivi.png\",\"contentUrl\":\"https:\/\/lahteenvartijat.com\/wp-content\/uploads\/2024\/12\/huivi.png\",\"width\":250,\"height\":178,\"caption\":\"L\u00e4hteen Vartijat ry\"},\"image\":{\"@id\":\"https:\/\/lahteenvartijat.com\/#\/schema\/logo\/image\/\"},\"sameAs\":[\"https:\/\/www.instagram.com\/lahteenvartijat\/\"]}]}<\/script>\n<!-- \/ Yoast SEO plugin. -->","yoast_head_json":{"title":"Etusivu - L\u00e4hteen Vartijat ry","robots":{"index":"index","follow":"follow","max-snippet":"max-snippet:-1","max-image-preview":"max-image-preview:large","max-video-preview":"max-video-preview:-1"},"canonical":"https:\/\/lahteenvartijat.com\/","og_locale":"fi_FI","og_type":"article","og_title":"Etusivu - L\u00e4hteen Vartijat ry","og_description":"Vuosi vaihtuu ja uusi toimintakausi k\u00e4ynnistyy viikolla 3. Ryhmien kokoontumisajat l\u00f6yd\u00e4t t\u00e4\u00e4lt\u00e4. Aikuispartio kutsuu! L\u00e4hteen Vartijoissa alkaa tammikuussa uusi partioryhm\u00e4 aikuisille. Ryhm\u00e4\u00e4n ovat tervetulleita kaikki partion harrastamisesta kiinnostuneet t\u00e4ysi-ik\u00e4iset. Aiempaa partiokokemusta ei tarvitse olla eik\u00e4 haittaa, jos partioharrastuksesta on ollut pitk\u00e4 tauko. Innostus ja kiinnostus partioon riitt\u00e4\u00e4! Aikuispartioryhm\u00e4 kokoontuu noin kerran kuukaudessa. Toimintamme on partio-ohjelman&hellip; Lue lis\u00e4\u00e4 Etusivu","og_url":"https:\/\/lahteenvartijat.com\/","og_site_name":"L\u00e4hteen Vartijat ry","article_modified_time":"2025-09-30T13:37:12+00:00","twitter_card":"summary_large_image","twitter_misc":{"Arvioitu lukuaika":"1 minuutti"},"schema":{"@context":"https:\/\/schema.org","@graph":[{"@type":"WebPage","@id":"https:\/\/lahteenvartijat.com\/","url":"https:\/\/lahteenvartijat.com\/","name":"Etusivu - L\u00e4hteen Vartijat ry","isPartOf":{"@id":"https:\/\/lahteenvartijat.com\/#website"},"datePublished":"2010-06-18T20:51:35+00:00","dateModified":"2025-09-30T13:37:12+00:00","breadcrumb":{"@id":"https:\/\/lahteenvartijat.com\/#breadcrumb"},"inLanguage":"fi","potentialAction":[{"@type":"ReadAction","target":["https:\/\/lahteenvartijat.com\/"]}]},{"@type":"BreadcrumbList","@id":"https:\/\/lahteenvartijat.com\/#breadcrumb","itemListElement":[{"@type":"ListItem","position":1,"name":"Etusivu","item":"https:\/\/lahteenvartijat.com\/"},{"@type":"ListItem","position":2,"name":"Etusivu"}]},{"@type":"WebSite","@id":"https:\/\/lahteenvartijat.com\/#website","url":"https:\/\/lahteenvartijat.com\/","name":"L\u00e4hteen Vartijat ry","description":"#1954 #lahteenvartijat.com #lahteenvartijat #lvry #partioscout","publisher":{"@id":"https:\/\/lahteenvartijat.com\/#organization"},"potentialAction":[{"@type":"SearchAction","target":{"@type":"EntryPoint","urlTemplate":"https:\/\/lahteenvartijat.com\/?s={search_term_string}"},"query-input":{"@type":"PropertyValueSpecification","valueRequired":true,"valueName":"search_term_string"}}],"inLanguage":"fi"},{"@type":"Organization","@id":"https:\/\/lahteenvartijat.com\/#organization","name":"L\u00e4hteen Vartijat ry","url":"https:\/\/lahteenvartijat.com\/","logo":{"@type":"ImageObject","inLanguage":"fi","@id":"https:\/\/lahteenvartijat.com\/#\/schema\/logo\/image\/","url":"https:\/\/lahteenvartijat.com\/wp-content\/uploads\/2024\/12\/huivi.png","contentUrl":"https:\/\/lahteenvartijat.com\/wp-content\/uploads\/2024\/12\/huivi.png","width":250,"height":178,"caption":"L\u00e4hteen Vartijat ry"},"image":{"@id":"https:\/\/lahteenvartijat.com\/#\/schema\/logo\/image\/"},"sameAs":["https:\/\/www.instagram.com\/lahteenvartijat\/"]}]}},"_links":{"self":[{"href":"https:\/\/lahteenvartijat.com\/index.php\/wp-json\/wp\/v2\/pages\/9","targetHints":{"allow":["GET"]}}],"collection":[{"href":"https:\/\/lahteenvartijat.com\/index.php\/wp-json\/wp\/v2\/pages"}],"about":[{"href":"https:\/\/lahteenvartijat.com\/index.php\/wp-json\/wp\/v2\/types\/page"}],"author":[{"embeddable":true,"href":"https:\/\/lahteenvartijat.com\/index.php\/wp-json\/wp\/v2\/users\/1"}],"replies":[{"embeddable":true,"href":"https:\/\/lahteenvartijat.com\/index.php\/wp-json\/wp\/v2\/comments?post=9"}],"version-history":[{"count":2,"href":"https:\/\/lahteenvartijat.com\/index.php\/wp-json\/wp\/v2\/pages\/9\/revisions"}],"predecessor-version":[{"id":1394,"href":"https:\/\/lahteenvartijat.com\/index.php\/wp-json\/wp\/v2\/pages\/9\/revisions\/1394"}],"wp:attachment":[{"href":"https:\/\/lahteenvartijat.com\/index.php\/wp-json\/wp\/v2\/media?parent=9"}],"curies":[{"name":"wp","href":"https:\/\/api.w.org\/{rel}","templated":true}]}}