{"id":60,"date":"2010-10-15T09:39:03","date_gmt":"2010-10-15T09:39:03","guid":{"rendered":"http:\/\/www.lahteenvartijat.com\/?page_id=60"},"modified":"2024-12-26T17:24:53","modified_gmt":"2024-12-26T17:24:53","slug":"yleista","status":"publish","type":"page","link":"https:\/\/lahteenvartijat.com\/index.php\/yleista\/","title":{"rendered":"Yleist\u00e4"},"content":{"rendered":"\n<p>L\u00e4hteen Vartijat ry on vuonna 1954 perustettu etel\u00e4isess\u00e4 Lahdessa toimiva partiolippukunta. Lippukuntamme koko on noin 100 j\u00e4sent\u00e4. Kokoonnumme Launeen kirkon partiokololla ja taustayhteis\u00f6mme on Lahden Launeen evankelis-luterilainen seurakunta.<\/p>\n\n\n\n<p>Vuosittaisia tapahtumiamme ovat mm. kes\u00e4leirit, lippukuntaretket syksyll\u00e4 ja kev\u00e4\u00e4ll\u00e4, joulujuhla sek\u00e4 johtajahuoltotapahtumat. Tarpojat ja samoajat tekev\u00e4t lis\u00e4ksi s\u00e4\u00e4nn\u00f6llisesti omia retki\u00e4. Kes\u00e4leirin j\u00e4rjest\u00e4mme joko oman lippukunnan, tai yhteisty\u00f6ss\u00e4 muiden lippukuntien kanssa niin\u00e4 vuosina, jolloin ei ole H\u00e4meen Partiopiirin tai Suomen Partiolaisten yhteist\u00e4 leiri\u00e4.<\/p>\n\n\n\n<p class=\"has-text-align-left\"> <strong>Lippukunnan huivimerkist\u00e4:<\/strong><\/p>\n\n\n<div class=\"wp-block-image\">\n<figure class=\"aligncenter size-full is-resized\"><img loading=\"lazy\" decoding=\"async\" width=\"250\" height=\"178\" src=\"https:\/\/lahteenvartijat.com\/wp-content\/uploads\/2024\/12\/huivi.png\" alt=\"\" class=\"wp-image-1336\" style=\"width:250px;height:auto\" title=\"huivi\"\/><\/figure>\n<\/div>\n\n\n<p>L\u00e4hteen Vartijoiden huivimerkin on suunnitellut Kari Kaukinen vuonna 1985. Merkin keskell\u00e4 oleva ympyr\u00e4 on l\u00e4hteen heraldinen merkki ja kuvaa Launeen l\u00e4hdett\u00e4. L\u00e4hdett\u00e4 vartioi kaksi kelo-puuta. Kelot symboloivat er\u00e4retkeily\u00e4 sek\u00e4 pysyvyytt\u00e4 ja kest\u00e4vyytt\u00e4.<br>\nMerkin yl\u00e4osan kaareva muoto kuvaa Salpaussel\u00e4n harjua ja erityisesti Radiom\u00e4ke\u00e4.<\/p>\n","protected":false},"excerpt":{"rendered":"<p>L\u00e4hteen Vartijat ry on vuonna 1954 perustettu etel\u00e4isess\u00e4 Lahdessa toimiva partiolippukunta. Lippukuntamme koko on noin 100 j\u00e4sent\u00e4. Kokoonnumme Launeen kirkon partiokololla ja taustayhteis\u00f6mme on Lahden Launeen evankelis-luterilainen seurakunta. Vuosittaisia tapahtumiamme ovat mm. kes\u00e4leirit, lippukuntaretket syksyll\u00e4 ja kev\u00e4\u00e4ll\u00e4, joulujuhla sek\u00e4 johtajahuoltotapahtumat. Tarpojat ja samoajat tekev\u00e4t lis\u00e4ksi s\u00e4\u00e4nn\u00f6llisesti omia retki\u00e4. Kes\u00e4leirin j\u00e4rjest\u00e4mme joko oman lippukunnan, tai yhteisty\u00f6ss\u00e4&hellip; <\/p>\n<p class=\"toivo-read-more\"><a href=\"https:\/\/lahteenvartijat.com\/index.php\/yleista\/\" class=\"more-link\">Lue lis\u00e4\u00e4 <span class=\"screen-reader-text\">Yleist\u00e4<\/span><\/a><\/p>\n","protected":false},"author":1,"featured_media":0,"parent":0,"menu_order":0,"comment_status":"closed","ping_status":"open","template":"","meta":{"footnotes":""},"class_list":{"0":"post-60","1":"page","2":"type-page","3":"status-publish","5":"entry"},"yoast_head":"<!-- This site is optimized with the Yoast SEO plugin v24.1 - https:\/\/yoast.com\/wordpress\/plugins\/seo\/ -->\n<title>Yleist\u00e4 - L\u00e4hteen Vartijat ry<\/title>\n<meta name=\"robots\" content=\"index, follow, max-snippet:-1, max-image-preview:large, max-video-preview:-1\" \/>\n<link rel=\"canonical\" href=\"https:\/\/lahteenvartijat.com\/index.php\/yleista\/\" \/>\n<meta property=\"og:locale\" content=\"fi_FI\" \/>\n<meta property=\"og:type\" content=\"article\" \/>\n<meta property=\"og:title\" content=\"Yleist\u00e4 - L\u00e4hteen Vartijat ry\" \/>\n<meta property=\"og:description\" content=\"L\u00e4hteen Vartijat ry on vuonna 1954 perustettu etel\u00e4isess\u00e4 Lahdessa toimiva partiolippukunta. Lippukuntamme koko on noin 100 j\u00e4sent\u00e4. Kokoonnumme Launeen kirkon partiokololla ja taustayhteis\u00f6mme on Lahden Launeen evankelis-luterilainen seurakunta. Vuosittaisia tapahtumiamme ovat mm. kes\u00e4leirit, lippukuntaretket syksyll\u00e4 ja kev\u00e4\u00e4ll\u00e4, joulujuhla sek\u00e4 johtajahuoltotapahtumat. Tarpojat ja samoajat tekev\u00e4t lis\u00e4ksi s\u00e4\u00e4nn\u00f6llisesti omia retki\u00e4. Kes\u00e4leirin j\u00e4rjest\u00e4mme joko oman lippukunnan, tai yhteisty\u00f6ss\u00e4&hellip; Lue lis\u00e4\u00e4 Yleist\u00e4\" \/>\n<meta property=\"og:url\" content=\"https:\/\/lahteenvartijat.com\/index.php\/yleista\/\" \/>\n<meta property=\"og:site_name\" content=\"L\u00e4hteen Vartijat ry\" \/>\n<meta property=\"article:modified_time\" content=\"2024-12-26T17:24:53+00:00\" \/>\n<meta property=\"og:image\" content=\"https:\/\/lahteenvartijat.com\/wp-content\/uploads\/2024\/12\/huivi.png\" \/>\n\t<meta property=\"og:image:width\" content=\"250\" \/>\n\t<meta property=\"og:image:height\" content=\"178\" \/>\n\t<meta property=\"og:image:type\" content=\"image\/png\" \/>\n<meta name=\"twitter:card\" content=\"summary_large_image\" \/>\n<meta name=\"twitter:label1\" content=\"Arvioitu lukuaika\" \/>\n\t<meta name=\"twitter:data1\" content=\"1 minuutti\" \/>\n<script type=\"application\/ld+json\" class=\"yoast-schema-graph\">{\"@context\":\"https:\/\/schema.org\",\"@graph\":[{\"@type\":\"WebPage\",\"@id\":\"https:\/\/lahteenvartijat.com\/index.php\/yleista\/\",\"url\":\"https:\/\/lahteenvartijat.com\/index.php\/yleista\/\",\"name\":\"Yleist\u00e4 - L\u00e4hteen Vartijat ry\",\"isPartOf\":{\"@id\":\"https:\/\/lahteenvartijat.com\/#website\"},\"primaryImageOfPage\":{\"@id\":\"https:\/\/lahteenvartijat.com\/index.php\/yleista\/#primaryimage\"},\"image\":{\"@id\":\"https:\/\/lahteenvartijat.com\/index.php\/yleista\/#primaryimage\"},\"thumbnailUrl\":\"https:\/\/lahteenvartijat.com\/wp-content\/uploads\/2024\/12\/huivi.png\",\"datePublished\":\"2010-10-15T09:39:03+00:00\",\"dateModified\":\"2024-12-26T17:24:53+00:00\",\"breadcrumb\":{\"@id\":\"https:\/\/lahteenvartijat.com\/index.php\/yleista\/#breadcrumb\"},\"inLanguage\":\"fi\",\"potentialAction\":[{\"@type\":\"ReadAction\",\"target\":[\"https:\/\/lahteenvartijat.com\/index.php\/yleista\/\"]}]},{\"@type\":\"ImageObject\",\"inLanguage\":\"fi\",\"@id\":\"https:\/\/lahteenvartijat.com\/index.php\/yleista\/#primaryimage\",\"url\":\"https:\/\/lahteenvartijat.com\/wp-content\/uploads\/2024\/12\/huivi.png\",\"contentUrl\":\"https:\/\/lahteenvartijat.com\/wp-content\/uploads\/2024\/12\/huivi.png\",\"width\":250,\"height\":178},{\"@type\":\"BreadcrumbList\",\"@id\":\"https:\/\/lahteenvartijat.com\/index.php\/yleista\/#breadcrumb\",\"itemListElement\":[{\"@type\":\"ListItem\",\"position\":1,\"name\":\"Etusivu\",\"item\":\"https:\/\/lahteenvartijat.com\/\"},{\"@type\":\"ListItem\",\"position\":2,\"name\":\"Yleist\u00e4\"}]},{\"@type\":\"WebSite\",\"@id\":\"https:\/\/lahteenvartijat.com\/#website\",\"url\":\"https:\/\/lahteenvartijat.com\/\",\"name\":\"L\u00e4hteen Vartijat ry\",\"description\":\"#1954 #lahteenvartijat.com #lahteenvartijat #lvry #partioscout\",\"publisher\":{\"@id\":\"https:\/\/lahteenvartijat.com\/#organization\"},\"potentialAction\":[{\"@type\":\"SearchAction\",\"target\":{\"@type\":\"EntryPoint\",\"urlTemplate\":\"https:\/\/lahteenvartijat.com\/?s={search_term_string}\"},\"query-input\":{\"@type\":\"PropertyValueSpecification\",\"valueRequired\":true,\"valueName\":\"search_term_string\"}}],\"inLanguage\":\"fi\"},{\"@type\":\"Organization\",\"@id\":\"https:\/\/lahteenvartijat.com\/#organization\",\"name\":\"L\u00e4hteen Vartijat ry\",\"url\":\"https:\/\/lahteenvartijat.com\/\",\"logo\":{\"@type\":\"ImageObject\",\"inLanguage\":\"fi\",\"@id\":\"https:\/\/lahteenvartijat.com\/#\/schema\/logo\/image\/\",\"url\":\"https:\/\/lahteenvartijat.com\/wp-content\/uploads\/2024\/12\/huivi.png\",\"contentUrl\":\"https:\/\/lahteenvartijat.com\/wp-content\/uploads\/2024\/12\/huivi.png\",\"width\":250,\"height\":178,\"caption\":\"L\u00e4hteen Vartijat ry\"},\"image\":{\"@id\":\"https:\/\/lahteenvartijat.com\/#\/schema\/logo\/image\/\"},\"sameAs\":[\"https:\/\/www.instagram.com\/lahteenvartijat\/\"]}]}<\/script>\n<!-- \/ Yoast SEO plugin. -->","yoast_head_json":{"title":"Yleist\u00e4 - L\u00e4hteen Vartijat ry","robots":{"index":"index","follow":"follow","max-snippet":"max-snippet:-1","max-image-preview":"max-image-preview:large","max-video-preview":"max-video-preview:-1"},"canonical":"https:\/\/lahteenvartijat.com\/index.php\/yleista\/","og_locale":"fi_FI","og_type":"article","og_title":"Yleist\u00e4 - L\u00e4hteen Vartijat ry","og_description":"L\u00e4hteen Vartijat ry on vuonna 1954 perustettu etel\u00e4isess\u00e4 Lahdessa toimiva partiolippukunta. Lippukuntamme koko on noin 100 j\u00e4sent\u00e4. Kokoonnumme Launeen kirkon partiokololla ja taustayhteis\u00f6mme on Lahden Launeen evankelis-luterilainen seurakunta. Vuosittaisia tapahtumiamme ovat mm. kes\u00e4leirit, lippukuntaretket syksyll\u00e4 ja kev\u00e4\u00e4ll\u00e4, joulujuhla sek\u00e4 johtajahuoltotapahtumat. Tarpojat ja samoajat tekev\u00e4t lis\u00e4ksi s\u00e4\u00e4nn\u00f6llisesti omia retki\u00e4. Kes\u00e4leirin j\u00e4rjest\u00e4mme joko oman lippukunnan, tai yhteisty\u00f6ss\u00e4&hellip; Lue lis\u00e4\u00e4 Yleist\u00e4","og_url":"https:\/\/lahteenvartijat.com\/index.php\/yleista\/","og_site_name":"L\u00e4hteen Vartijat ry","article_modified_time":"2024-12-26T17:24:53+00:00","og_image":[{"width":250,"height":178,"url":"https:\/\/lahteenvartijat.com\/wp-content\/uploads\/2024\/12\/huivi.png","type":"image\/png"}],"twitter_card":"summary_large_image","twitter_misc":{"Arvioitu lukuaika":"1 minuutti"},"schema":{"@context":"https:\/\/schema.org","@graph":[{"@type":"WebPage","@id":"https:\/\/lahteenvartijat.com\/index.php\/yleista\/","url":"https:\/\/lahteenvartijat.com\/index.php\/yleista\/","name":"Yleist\u00e4 - L\u00e4hteen Vartijat ry","isPartOf":{"@id":"https:\/\/lahteenvartijat.com\/#website"},"primaryImageOfPage":{"@id":"https:\/\/lahteenvartijat.com\/index.php\/yleista\/#primaryimage"},"image":{"@id":"https:\/\/lahteenvartijat.com\/index.php\/yleista\/#primaryimage"},"thumbnailUrl":"https:\/\/lahteenvartijat.com\/wp-content\/uploads\/2024\/12\/huivi.png","datePublished":"2010-10-15T09:39:03+00:00","dateModified":"2024-12-26T17:24:53+00:00","breadcrumb":{"@id":"https:\/\/lahteenvartijat.com\/index.php\/yleista\/#breadcrumb"},"inLanguage":"fi","potentialAction":[{"@type":"ReadAction","target":["https:\/\/lahteenvartijat.com\/index.php\/yleista\/"]}]},{"@type":"ImageObject","inLanguage":"fi","@id":"https:\/\/lahteenvartijat.com\/index.php\/yleista\/#primaryimage","url":"https:\/\/lahteenvartijat.com\/wp-content\/uploads\/2024\/12\/huivi.png","contentUrl":"https:\/\/lahteenvartijat.com\/wp-content\/uploads\/2024\/12\/huivi.png","width":250,"height":178},{"@type":"BreadcrumbList","@id":"https:\/\/lahteenvartijat.com\/index.php\/yleista\/#breadcrumb","itemListElement":[{"@type":"ListItem","position":1,"name":"Etusivu","item":"https:\/\/lahteenvartijat.com\/"},{"@type":"ListItem","position":2,"name":"Yleist\u00e4"}]},{"@type":"WebSite","@id":"https:\/\/lahteenvartijat.com\/#website","url":"https:\/\/lahteenvartijat.com\/","name":"L\u00e4hteen Vartijat ry","description":"#1954 #lahteenvartijat.com #lahteenvartijat #lvry #partioscout","publisher":{"@id":"https:\/\/lahteenvartijat.com\/#organization"},"potentialAction":[{"@type":"SearchAction","target":{"@type":"EntryPoint","urlTemplate":"https:\/\/lahteenvartijat.com\/?s={search_term_string}"},"query-input":{"@type":"PropertyValueSpecification","valueRequired":true,"valueName":"search_term_string"}}],"inLanguage":"fi"},{"@type":"Organization","@id":"https:\/\/lahteenvartijat.com\/#organization","name":"L\u00e4hteen Vartijat ry","url":"https:\/\/lahteenvartijat.com\/","logo":{"@type":"ImageObject","inLanguage":"fi","@id":"https:\/\/lahteenvartijat.com\/#\/schema\/logo\/image\/","url":"https:\/\/lahteenvartijat.com\/wp-content\/uploads\/2024\/12\/huivi.png","contentUrl":"https:\/\/lahteenvartijat.com\/wp-content\/uploads\/2024\/12\/huivi.png","width":250,"height":178,"caption":"L\u00e4hteen Vartijat ry"},"image":{"@id":"https:\/\/lahteenvartijat.com\/#\/schema\/logo\/image\/"},"sameAs":["https:\/\/www.instagram.com\/lahteenvartijat\/"]}]}},"_links":{"self":[{"href":"https:\/\/lahteenvartijat.com\/index.php\/wp-json\/wp\/v2\/pages\/60","targetHints":{"allow":["GET"]}}],"collection":[{"href":"https:\/\/lahteenvartijat.com\/index.php\/wp-json\/wp\/v2\/pages"}],"about":[{"href":"https:\/\/lahteenvartijat.com\/index.php\/wp-json\/wp\/v2\/types\/page"}],"author":[{"embeddable":true,"href":"https:\/\/lahteenvartijat.com\/index.php\/wp-json\/wp\/v2\/users\/1"}],"replies":[{"embeddable":true,"href":"https:\/\/lahteenvartijat.com\/index.php\/wp-json\/wp\/v2\/comments?post=60"}],"version-history":[{"count":2,"href":"https:\/\/lahteenvartijat.com\/index.php\/wp-json\/wp\/v2\/pages\/60\/revisions"}],"predecessor-version":[{"id":1338,"href":"https:\/\/lahteenvartijat.com\/index.php\/wp-json\/wp\/v2\/pages\/60\/revisions\/1338"}],"wp:attachment":[{"href":"https:\/\/lahteenvartijat.com\/index.php\/wp-json\/wp\/v2\/media?parent=60"}],"curies":[{"name":"wp","href":"https:\/\/api.w.org\/{rel}","templated":true}]}}