{"id":1319,"date":"2024-12-19T19:48:09","date_gmt":"2024-12-19T19:48:09","guid":{"rendered":"https:\/\/www.lahteenvartijat.com\/?page_id=1319"},"modified":"2024-12-26T16:42:21","modified_gmt":"2024-12-26T16:42:21","slug":"toiminta","status":"publish","type":"page","link":"https:\/\/lahteenvartijat.com\/index.php\/toiminta\/","title":{"rendered":"TAPAHTUMAT 2025"},"content":{"rendered":"\n<p><strong>L\u00e4hteen Vartijoiden vuosikello<\/strong><\/p>\n\n\n\n<p>Vuosikellosta n\u00e4et yhdell\u00e4 silm\u00e4yksell\u00e4 mit\u00e4 milloinkin vuoden aikana tapahtuu. <\/p>\n\n\n\n<p>Vuosikelloon on merkattu&nbsp;lippukunnan, Lahden alueen partiolaisten ja&nbsp;piirin tapahtumia. Ik\u00e4kausien v\u00e4reill\u00e4 on merkattu vain ik\u00e4kausien tapahtumia. My\u00f6s koko lippukuntaa koskevat tapahtumat on merkattu omalla v\u00e4rill\u00e4\u00e4n samoin kauden aloitukset&nbsp;ja lopetukset.<\/p>\n\n\n\n<div class=\"wp-block-file\"><a id=\"wp-block-file--media-ec4fa01e-2917-46dc-95fd-606d79b8946e\" href=\"https:\/\/lahteenvartijat.com\/wp-content\/uploads\/2024\/12\/vuosikello2025.pdf\">vuosikello2025<\/a><a href=\"https:\/\/lahteenvartijat.com\/wp-content\/uploads\/2024\/12\/vuosikello2025.pdf\" class=\"wp-block-file__button wp-element-button\" download aria-describedby=\"wp-block-file--media-ec4fa01e-2917-46dc-95fd-606d79b8946e\">Download<\/a><\/div>\n\n\n\n<p><\/p>\n","protected":false},"excerpt":{"rendered":"<p>L\u00e4hteen Vartijoiden vuosikello Vuosikellosta n\u00e4et yhdell\u00e4 silm\u00e4yksell\u00e4 mit\u00e4 milloinkin vuoden aikana tapahtuu. Vuosikelloon on merkattu&nbsp;lippukunnan, Lahden alueen partiolaisten ja&nbsp;piirin tapahtumia. Ik\u00e4kausien v\u00e4reill\u00e4 on merkattu vain ik\u00e4kausien tapahtumia. My\u00f6s koko lippukuntaa koskevat tapahtumat on merkattu omalla v\u00e4rill\u00e4\u00e4n samoin kauden aloitukset&nbsp;ja lopetukset.<\/p>\n","protected":false},"author":1,"featured_media":0,"parent":0,"menu_order":0,"comment_status":"closed","ping_status":"closed","template":"","meta":{"footnotes":""},"class_list":{"0":"post-1319","1":"page","2":"type-page","3":"status-publish","5":"entry"},"yoast_head":"<!-- This site is optimized with the Yoast SEO plugin v24.1 - https:\/\/yoast.com\/wordpress\/plugins\/seo\/ -->\n<title>TAPAHTUMAT 2025 - L\u00e4hteen Vartijat ry<\/title>\n<meta name=\"robots\" content=\"index, follow, max-snippet:-1, max-image-preview:large, max-video-preview:-1\" \/>\n<link rel=\"canonical\" href=\"https:\/\/lahteenvartijat.com\/index.php\/toiminta\/\" \/>\n<meta property=\"og:locale\" content=\"fi_FI\" \/>\n<meta property=\"og:type\" content=\"article\" \/>\n<meta property=\"og:title\" content=\"TAPAHTUMAT 2025 - L\u00e4hteen Vartijat ry\" \/>\n<meta property=\"og:description\" content=\"L\u00e4hteen Vartijoiden vuosikello Vuosikellosta n\u00e4et yhdell\u00e4 silm\u00e4yksell\u00e4 mit\u00e4 milloinkin vuoden aikana tapahtuu. Vuosikelloon on merkattu&nbsp;lippukunnan, Lahden alueen partiolaisten ja&nbsp;piirin tapahtumia. Ik\u00e4kausien v\u00e4reill\u00e4 on merkattu vain ik\u00e4kausien tapahtumia. My\u00f6s koko lippukuntaa koskevat tapahtumat on merkattu omalla v\u00e4rill\u00e4\u00e4n samoin kauden aloitukset&nbsp;ja lopetukset.\" \/>\n<meta property=\"og:url\" content=\"https:\/\/lahteenvartijat.com\/index.php\/toiminta\/\" \/>\n<meta property=\"og:site_name\" content=\"L\u00e4hteen Vartijat ry\" \/>\n<meta property=\"article:modified_time\" content=\"2024-12-26T16:42:21+00:00\" \/>\n<meta name=\"twitter:card\" content=\"summary_large_image\" \/>\n<meta name=\"twitter:label1\" content=\"Arvioitu lukuaika\" \/>\n\t<meta name=\"twitter:data1\" content=\"1 minuutti\" \/>\n<script type=\"application\/ld+json\" class=\"yoast-schema-graph\">{\"@context\":\"https:\/\/schema.org\",\"@graph\":[{\"@type\":\"WebPage\",\"@id\":\"https:\/\/lahteenvartijat.com\/index.php\/toiminta\/\",\"url\":\"https:\/\/lahteenvartijat.com\/index.php\/toiminta\/\",\"name\":\"TAPAHTUMAT 2025 - L\u00e4hteen Vartijat ry\",\"isPartOf\":{\"@id\":\"https:\/\/lahteenvartijat.com\/#website\"},\"datePublished\":\"2024-12-19T19:48:09+00:00\",\"dateModified\":\"2024-12-26T16:42:21+00:00\",\"breadcrumb\":{\"@id\":\"https:\/\/lahteenvartijat.com\/index.php\/toiminta\/#breadcrumb\"},\"inLanguage\":\"fi\",\"potentialAction\":[{\"@type\":\"ReadAction\",\"target\":[\"https:\/\/lahteenvartijat.com\/index.php\/toiminta\/\"]}]},{\"@type\":\"BreadcrumbList\",\"@id\":\"https:\/\/lahteenvartijat.com\/index.php\/toiminta\/#breadcrumb\",\"itemListElement\":[{\"@type\":\"ListItem\",\"position\":1,\"name\":\"Etusivu\",\"item\":\"https:\/\/lahteenvartijat.com\/\"},{\"@type\":\"ListItem\",\"position\":2,\"name\":\"TAPAHTUMAT 2025\"}]},{\"@type\":\"WebSite\",\"@id\":\"https:\/\/lahteenvartijat.com\/#website\",\"url\":\"https:\/\/lahteenvartijat.com\/\",\"name\":\"L\u00e4hteen Vartijat ry\",\"description\":\"#1954 #lahteenvartijat.com #lahteenvartijat #lvry #partioscout\",\"publisher\":{\"@id\":\"https:\/\/lahteenvartijat.com\/#organization\"},\"potentialAction\":[{\"@type\":\"SearchAction\",\"target\":{\"@type\":\"EntryPoint\",\"urlTemplate\":\"https:\/\/lahteenvartijat.com\/?s={search_term_string}\"},\"query-input\":{\"@type\":\"PropertyValueSpecification\",\"valueRequired\":true,\"valueName\":\"search_term_string\"}}],\"inLanguage\":\"fi\"},{\"@type\":\"Organization\",\"@id\":\"https:\/\/lahteenvartijat.com\/#organization\",\"name\":\"L\u00e4hteen Vartijat ry\",\"url\":\"https:\/\/lahteenvartijat.com\/\",\"logo\":{\"@type\":\"ImageObject\",\"inLanguage\":\"fi\",\"@id\":\"https:\/\/lahteenvartijat.com\/#\/schema\/logo\/image\/\",\"url\":\"https:\/\/lahteenvartijat.com\/wp-content\/uploads\/2024\/12\/huivi.png\",\"contentUrl\":\"https:\/\/lahteenvartijat.com\/wp-content\/uploads\/2024\/12\/huivi.png\",\"width\":250,\"height\":178,\"caption\":\"L\u00e4hteen Vartijat ry\"},\"image\":{\"@id\":\"https:\/\/lahteenvartijat.com\/#\/schema\/logo\/image\/\"},\"sameAs\":[\"https:\/\/www.instagram.com\/lahteenvartijat\/\"]}]}<\/script>\n<!-- \/ Yoast SEO plugin. -->","yoast_head_json":{"title":"TAPAHTUMAT 2025 - L\u00e4hteen Vartijat ry","robots":{"index":"index","follow":"follow","max-snippet":"max-snippet:-1","max-image-preview":"max-image-preview:large","max-video-preview":"max-video-preview:-1"},"canonical":"https:\/\/lahteenvartijat.com\/index.php\/toiminta\/","og_locale":"fi_FI","og_type":"article","og_title":"TAPAHTUMAT 2025 - L\u00e4hteen Vartijat ry","og_description":"L\u00e4hteen Vartijoiden vuosikello Vuosikellosta n\u00e4et yhdell\u00e4 silm\u00e4yksell\u00e4 mit\u00e4 milloinkin vuoden aikana tapahtuu. Vuosikelloon on merkattu&nbsp;lippukunnan, Lahden alueen partiolaisten ja&nbsp;piirin tapahtumia. Ik\u00e4kausien v\u00e4reill\u00e4 on merkattu vain ik\u00e4kausien tapahtumia. My\u00f6s koko lippukuntaa koskevat tapahtumat on merkattu omalla v\u00e4rill\u00e4\u00e4n samoin kauden aloitukset&nbsp;ja lopetukset.","og_url":"https:\/\/lahteenvartijat.com\/index.php\/toiminta\/","og_site_name":"L\u00e4hteen Vartijat ry","article_modified_time":"2024-12-26T16:42:21+00:00","twitter_card":"summary_large_image","twitter_misc":{"Arvioitu lukuaika":"1 minuutti"},"schema":{"@context":"https:\/\/schema.org","@graph":[{"@type":"WebPage","@id":"https:\/\/lahteenvartijat.com\/index.php\/toiminta\/","url":"https:\/\/lahteenvartijat.com\/index.php\/toiminta\/","name":"TAPAHTUMAT 2025 - L\u00e4hteen Vartijat ry","isPartOf":{"@id":"https:\/\/lahteenvartijat.com\/#website"},"datePublished":"2024-12-19T19:48:09+00:00","dateModified":"2024-12-26T16:42:21+00:00","breadcrumb":{"@id":"https:\/\/lahteenvartijat.com\/index.php\/toiminta\/#breadcrumb"},"inLanguage":"fi","potentialAction":[{"@type":"ReadAction","target":["https:\/\/lahteenvartijat.com\/index.php\/toiminta\/"]}]},{"@type":"BreadcrumbList","@id":"https:\/\/lahteenvartijat.com\/index.php\/toiminta\/#breadcrumb","itemListElement":[{"@type":"ListItem","position":1,"name":"Etusivu","item":"https:\/\/lahteenvartijat.com\/"},{"@type":"ListItem","position":2,"name":"TAPAHTUMAT 2025"}]},{"@type":"WebSite","@id":"https:\/\/lahteenvartijat.com\/#website","url":"https:\/\/lahteenvartijat.com\/","name":"L\u00e4hteen Vartijat ry","description":"#1954 #lahteenvartijat.com #lahteenvartijat #lvry #partioscout","publisher":{"@id":"https:\/\/lahteenvartijat.com\/#organization"},"potentialAction":[{"@type":"SearchAction","target":{"@type":"EntryPoint","urlTemplate":"https:\/\/lahteenvartijat.com\/?s={search_term_string}"},"query-input":{"@type":"PropertyValueSpecification","valueRequired":true,"valueName":"search_term_string"}}],"inLanguage":"fi"},{"@type":"Organization","@id":"https:\/\/lahteenvartijat.com\/#organization","name":"L\u00e4hteen Vartijat ry","url":"https:\/\/lahteenvartijat.com\/","logo":{"@type":"ImageObject","inLanguage":"fi","@id":"https:\/\/lahteenvartijat.com\/#\/schema\/logo\/image\/","url":"https:\/\/lahteenvartijat.com\/wp-content\/uploads\/2024\/12\/huivi.png","contentUrl":"https:\/\/lahteenvartijat.com\/wp-content\/uploads\/2024\/12\/huivi.png","width":250,"height":178,"caption":"L\u00e4hteen Vartijat ry"},"image":{"@id":"https:\/\/lahteenvartijat.com\/#\/schema\/logo\/image\/"},"sameAs":["https:\/\/www.instagram.com\/lahteenvartijat\/"]}]}},"_links":{"self":[{"href":"https:\/\/lahteenvartijat.com\/index.php\/wp-json\/wp\/v2\/pages\/1319","targetHints":{"allow":["GET"]}}],"collection":[{"href":"https:\/\/lahteenvartijat.com\/index.php\/wp-json\/wp\/v2\/pages"}],"about":[{"href":"https:\/\/lahteenvartijat.com\/index.php\/wp-json\/wp\/v2\/types\/page"}],"author":[{"embeddable":true,"href":"https:\/\/lahteenvartijat.com\/index.php\/wp-json\/wp\/v2\/users\/1"}],"replies":[{"embeddable":true,"href":"https:\/\/lahteenvartijat.com\/index.php\/wp-json\/wp\/v2\/comments?post=1319"}],"version-history":[{"count":1,"href":"https:\/\/lahteenvartijat.com\/index.php\/wp-json\/wp\/v2\/pages\/1319\/revisions"}],"predecessor-version":[{"id":1329,"href":"https:\/\/lahteenvartijat.com\/index.php\/wp-json\/wp\/v2\/pages\/1319\/revisions\/1329"}],"wp:attachment":[{"href":"https:\/\/lahteenvartijat.com\/index.php\/wp-json\/wp\/v2\/media?parent=1319"}],"curies":[{"name":"wp","href":"https:\/\/api.w.org\/{rel}","templated":true}]}}